{"id":8903,"date":"2025-08-28T16:03:15","date_gmt":"2025-08-28T16:03:15","guid":{"rendered":"https:\/\/rsc.uvesco.com\/gure-lehendakaria-2\/"},"modified":"2025-10-29T22:04:01","modified_gmt":"2025-10-29T22:04:01","slug":"gure-lehendakaria","status":"publish","type":"page","link":"https:\/\/rsc.uvesco.com\/eu\/gure-lehendakaria\/","title":{"rendered":"Gure lehendakaria"},"content":{"rendered":"<p>[et_pb_section fb_built=&#8221;1&#8243; admin_label=&#8221;Header&#8221; _builder_version=&#8221;4.27.4&#8243; background_image=&#8221;https:\/\/rsc.uvesco.com\/wp-content\/uploads\/2025\/09\/fernandez_barrena_presidente_uvesco.png&#8221; background_position=&#8221;top_left&#8221; min_height_tablet=&#8221;&#8221; min_height_phone=&#8221;&#8221; min_height_last_edited=&#8221;on|phone&#8221; height=&#8221;400px&#8221; height_tablet=&#8221;&#8221; height_phone=&#8221;&#8221; height_last_edited=&#8221;on|tablet&#8221; custom_margin=&#8221;50px||0px||false|false&#8221; custom_margin_tablet=&#8221;30px||0px||false|false&#8221; custom_margin_phone=&#8221;30px||0px||false|false&#8221; custom_margin_last_edited=&#8221;on|phone&#8221; custom_padding=&#8221;0px||0px||false|false&#8221; animation_style=&#8221;fade&#8221; background_last_edited=&#8221;on|phone&#8221; use_background_color_gradient_tablet=&#8221;off&#8221; use_background_color_gradient_phone=&#8221;on&#8221; background_color_gradient_stops_phone=&#8221;#000000 10%|rgba(255,255,255,0) 26%&#8221; parallax_tablet=&#8221;off&#8221; background_position_tablet=&#8221;bottom_right&#8221; background_position_phone=&#8221;bottom_left&#8221; background_horizontal_offset_tablet=&#8221;25%&#8221; background_horizontal_offset_phone=&#8221;27%&#8221; background_vertical_offset_tablet=&#8221;100%&#8221; background_vertical_offset_phone=&#8221;-7%&#8221; locked=&#8221;off&#8221; global_colors_info=&#8221;{}&#8221;][et_pb_row column_structure=&#8221;1_4,3_4&#8243; custom_padding_last_edited=&#8221;on|tablet&#8221; _builder_version=&#8221;4.27.4&#8243; width=&#8221;80.1%&#8221; custom_margin=&#8221;0px|auto|0px|400px|false|false&#8221; custom_margin_tablet=&#8221;0px|auto|0px|100px|false|false&#8221; custom_margin_phone=&#8221;0px|auto|0px|100px|false|false&#8221; custom_margin_last_edited=&#8221;on|tablet&#8221; custom_padding=&#8221;0px||0px|0px|false|false&#8221; custom_padding_tablet=&#8221;232px||0px||false|false&#8221; custom_padding_phone=&#8221;232px||0px||false|false&#8221; global_colors_info=&#8221;{}&#8221;][et_pb_column type=&#8221;1_4&#8243; _builder_version=&#8221;4.24.2&#8243; custom_padding=&#8221;|||&#8221; global_colors_info=&#8221;{}&#8221; custom_padding__hover=&#8221;|||&#8221;][\/et_pb_column][et_pb_column type=&#8221;3_4&#8243; _builder_version=&#8221;4.24.2&#8243; custom_padding=&#8221;20vw|||&#8221; custom_padding_tablet=&#8221;20px|||&#8221; custom_padding_phone=&#8221;20px|||&#8221; custom_padding_last_edited=&#8221;on|phone&#8221; global_colors_info=&#8221;{}&#8221; padding_tablet=&#8221;20px|||&#8221; padding_last_edited=&#8221;on|phone&#8221; custom_padding__hover=&#8221;|||&#8221; padding_phone=&#8221;20px|||&#8221;][et_pb_cta title=&#8221;%91 2024 %93&#8243; button_text=&#8221;Klikak&#8221; _builder_version=&#8221;4.27.4&#8243; _module_preset=&#8221;default&#8221; header_font=&#8221;||||||||&#8221; header_text_align=&#8221;left&#8221; header_text_color=&#8221;#becebb&#8221; header_font_size=&#8221;68px&#8221; body_font=&#8221;|300|||||||&#8221; body_text_color=&#8221;#000000&#8243; background_color=&#8221;RGBA(255,255,255,0)&#8221; custom_margin=&#8221;-200px|0px|0px|-30px|false|false&#8221; custom_margin_tablet=&#8221;-200px|0px|0px|0px|false|false&#8221; custom_margin_phone=&#8221;-158px|16px|0px||false|false&#8221; custom_margin_last_edited=&#8221;on|tablet&#8221; custom_padding=&#8221;||0px|||&#8221; header_text_align_tablet=&#8221;right&#8221; header_text_align_phone=&#8221;right&#8221; header_text_align_last_edited=&#8221;on|desktop&#8221; header_font_size_tablet=&#8221;47px&#8221; header_font_size_phone=&#8221;32px&#8221; header_font_size_last_edited=&#8221;on|desktop&#8221; global_colors_info=&#8221;{}&#8221;][\/et_pb_cta][\/et_pb_column][\/et_pb_row][\/et_pb_section][et_pb_section fb_built=&#8221;1&#8243; admin_label=&#8221;Testimonials&#8221; _builder_version=&#8221;4.27.4&#8243; _module_preset=&#8221;default&#8221; background_enable_color=&#8221;off&#8221; custom_margin=&#8221;71px|||||&#8221; custom_margin_tablet=&#8221;51px||||false|false&#8221; custom_margin_phone=&#8221;51px||||false|false&#8221; custom_margin_last_edited=&#8221;on|tablet&#8221; custom_padding=&#8221;0px||4px|||&#8221; animation_style=&#8221;fade&#8221; collapsed=&#8221;on&#8221; global_colors_info=&#8221;{}&#8221;][et_pb_row custom_padding_last_edited=&#8221;on|desktop&#8221; _builder_version=&#8221;4.27.4&#8243; _module_preset=&#8221;default&#8221; background_color=&#8221;RGBA(255,255,255,0)&#8221; custom_margin=&#8221;23px|auto||auto||&#8221; custom_padding=&#8221;3px||0px||false|false&#8221; custom_padding_tablet=&#8221;3px||0px||false|false&#8221; custom_padding_phone=&#8221;3px||0px||false|false&#8221; global_colors_info=&#8221;{}&#8221;][et_pb_column type=&#8221;4_4&#8243; _builder_version=&#8221;4.24.2&#8243; _module_preset=&#8221;default&#8221; global_colors_info=&#8221;{}&#8221;][et_pb_text _builder_version=&#8221;4.27.4&#8243; _module_preset=&#8221;default&#8221; text_font=&#8221;&#8211;et_global_heading_font||||||||&#8221; text_text_color=&#8221;#becebb&#8221; text_font_size=&#8221;40px&#8221; text_font_size_tablet=&#8221;38px&#8221; text_font_size_phone=&#8221;34px&#8221; text_font_size_last_edited=&#8221;on|phone&#8221; global_colors_info=&#8221;{}&#8221;]<\/p>\n<p>Gure ingurunearen ongizatea elikatzen dugu<\/p>\n<p>[\/et_pb_text][\/et_pb_column][\/et_pb_row][et_pb_row _builder_version=&#8221;4.27.4&#8243; _module_preset=&#8221;default&#8221; custom_margin=&#8221;-30px||||false|false&#8221; custom_margin_tablet=&#8221;-39px||||false|false&#8221; custom_margin_phone=&#8221;-40px||||false|false&#8221; custom_margin_last_edited=&#8221;on|phone&#8221; custom_padding=&#8221;68px||0px|||&#8221; global_colors_info=&#8221;{}&#8221;][et_pb_column type=&#8221;4_4&#8243; _builder_version=&#8221;4.24.2&#8243; _module_preset=&#8221;default&#8221; global_colors_info=&#8221;{}&#8221;][et_pb_text _builder_version=&#8221;4.27.4&#8243; _module_preset=&#8221;default&#8221; text_text_color=&#8221;#000000&#8243; text_font_size=&#8221;23px&#8221; custom_margin=&#8221;||-1px|||&#8221; text_font_size_tablet=&#8221;19px&#8221; text_font_size_phone=&#8221;19px&#8221; text_font_size_last_edited=&#8221;on|phone&#8221; text_line_height_tablet=&#8221;1.5em&#8221; text_line_height_phone=&#8221;1.5em&#8221; text_line_height_last_edited=&#8221;on|tablet&#8221; global_colors_info=&#8221;{}&#8221;]<\/p>\n<p class=\"p1\">Azken urteotan, elikaduraren sektorea hainbat erronkari aurre egiten ari zaie, testuinguru geopolitiko konplexu batek eta kontsumo ohituren aldaketek markatuta. Hala ere, zailtasunen aurrean aukera berriak sortzen dira eta, Uvescon, tokikoarekin eta pertsonen zerbitzuarekin dugun konpromisoan urratsak emateko unea da, berrikuntzaren eta teknologiaren eskutik. Horri esker, gure eredua hobetzen jarraitu ahal izango dugu, gure jardueraren fokua gure bezeroengan, gure ekipoan eta gure ingurunean jarrita.  <\/p>\n<p>[\/et_pb_text][et_pb_divider show_divider=&#8221;off&#8221; _builder_version=&#8221;4.27.4&#8243; _module_preset=&#8221;default&#8221; custom_margin=&#8221;0px||||false|false&#8221; custom_margin_tablet=&#8221;-5px||||false|false&#8221; custom_margin_phone=&#8221;-10px||||false|false&#8221; custom_margin_last_edited=&#8221;on|phone&#8221; global_colors_info=&#8221;{}&#8221;][\/et_pb_divider][et_pb_text _builder_version=&#8221;4.27.4&#8243; _module_preset=&#8221;default&#8221; text_font=&#8221;&#8211;et_global_heading_font|200|||||||&#8221; text_text_color=&#8221;#000000&#8243; global_colors_info=&#8221;{}&#8221;]<\/p>\n<p><span>Gure eredua eremu eta herri berrietara hurbildu dugu, establezimendu berriak sartuz eta enplegua sortuz; prestakuntzan dugun konpromisoari eusten diogu -7.000 profesional baino gehiagoko lantaldea gara-, eta berrikuntza eta iraunkortasuna jartzen ditugu gure estrategiaren oinarri gisa. Horrela, modu sendo eta aitzindarian, elikagaien alferrik galtzearen murrizketari heltzen ari gara -elikaduraren sektorean funtsezko erronka-, teknologia berriak erabiliz eta jantoki sozialei dohaintzak egiteko programa bat abian jarriz, aldi berean, egoera ahulean dauden pertsonei laguntzeko. Gure gizarteko gizarte eta kirol jardueretan presente gaude, eta energia berriztagarrien eta karbono aztarna murriztearen aldeko apustua indartzen jarraitzen dugu, azken urteetan lortutako mugarri eta aintzatespenen bidez, 2030 Agendarekin dugun konpromisoa bermatzen baitute. <\/span><\/p>\n<p><span>Eta ibilbide honetan, \u201cGure ingurunearen ongizatea elikatzea\u201d helburuarekiko konpromisoari eusten diogu, balioa ematen duten hainbat ekintzaren bidez, hala nola: kalitatezko produktuak eskaintzea, tokiko ekonomia babestea enplegua sortuz, eta kontsumitzaileei elikaduran laguntzea. Azken batean, pertsonak zaintzea eta elkarrekin lan egitea, etorkizun bidezkoago eta iraunkorrago baten alde. <\/span><\/p>\n<p>[\/et_pb_text][\/et_pb_column][\/et_pb_row][et_pb_row _builder_version=&#8221;4.27.4&#8243; _module_preset=&#8221;default&#8221; width=&#8221;90%&#8221; custom_margin=&#8221;-20px||||false|false&#8221; custom_margin_tablet=&#8221;50px||||false|false&#8221; custom_margin_phone=&#8221;50px||||false|false&#8221; custom_margin_last_edited=&#8221;on|phone&#8221; custom_padding=&#8221;68px||0px|||&#8221; global_colors_info=&#8221;{}&#8221;][et_pb_column type=&#8221;4_4&#8243; _builder_version=&#8221;4.24.2&#8243; _module_preset=&#8221;default&#8221; global_colors_info=&#8221;{}&#8221;][et_pb_image src=&#8221;https:\/\/rsc.uvesco.com\/wp-content\/uploads\/2024\/03\/firma_jose_ramon_fernandez_barrena-1.png&#8221; title_text=&#8221;jose_ramon_fernandez_barrena_sinadura&#8221; align=&#8221;center&#8221; _builder_version=&#8221;4.27.4&#8243; _module_preset=&#8221;default&#8221; module_alignment=&#8221;center&#8221; max_height=&#8221;105px&#8221; max_height_tablet=&#8221;100px&#8221; max_height_phone=&#8221;85px&#8221; max_height_last_edited=&#8221;on|desktop&#8221; custom_margin=&#8221;0px||||false|false&#8221; custom_margin_tablet=&#8221;-90px||||false|false&#8221; custom_margin_phone=&#8221;-90px||||false|false&#8221; custom_margin_last_edited=&#8221;on|desktop&#8221; global_colors_info=&#8221;{}&#8221;][\/et_pb_image][et_pb_text _builder_version=&#8221;4.27.4&#8243; _module_preset=&#8221;default&#8221; text_font=&#8221;|300|||||||&#8221; text_text_color=&#8221;#303025&#8243; text_line_height=&#8221;1em&#8221; header_text_color=&#8221;#303025&#8243; header_4_text_color=&#8221;#303025&#8243; custom_margin=&#8221;||58px|||true&#8221; custom_margin_tablet=&#8221;||58px|||true&#8221; custom_margin_phone=&#8221;|12px|58px|12px|false|true&#8221; custom_margin_last_edited=&#8221;on|phone&#8221; global_colors_info=&#8221;{}&#8221;]<\/p>\n<h4 style=\"text-align: center;\">Jos\u00e9 Ram\u00f3n Fern\u00e1ndez de Barrena Bermejo<\/h4>\n<p style=\"text-align: center;\">Uvesco Taldeko lehendakaria<\/p>\n<p>[\/et_pb_text][\/et_pb_column][\/et_pb_row][et_pb_row column_structure=&#8221;1_2,1_2&#8243; disabled_on=&#8221;off|off|off&#8221; _builder_version=&#8221;4.27.4&#8243; _module_preset=&#8221;default&#8221; background_color=&#8221;RGBA(255,255,255,0)&#8221; custom_margin=&#8221;20px||80px||false|false&#8221; custom_margin_tablet=&#8221;20px||80px||false|false&#8221; custom_margin_phone=&#8221;10px||80px||false|false&#8221; custom_margin_last_edited=&#8221;on|phone&#8221; custom_padding=&#8221;38px|||||&#8221; border_width_all=&#8221;2px&#8221; border_color_all=&#8221;#becebb&#8221; global_colors_info=&#8221;{}&#8221;][et_pb_column type=&#8221;1_2&#8243; _builder_version=&#8221;4.24.2&#8243; _module_preset=&#8221;default&#8221; global_colors_info=&#8221;{}&#8221;][et_pb_image src=&#8221;https:\/\/rsc.uvesco.com\/wp-content\/uploads\/2025\/09\/descarga_01-2.jpg&#8221; title_text=&#8221;descarga_01&#8243; align=&#8221;center&#8221; align_tablet=&#8221;center&#8221; align_phone=&#8221;&#8221; align_last_edited=&#8221;on|tablet&#8221; _builder_version=&#8221;4.27.4&#8243; _module_preset=&#8221;default&#8221; width=&#8221;90%&#8221; width_tablet=&#8221;75%&#8221; width_phone=&#8221;74%&#8221; width_last_edited=&#8221;on|tablet&#8221; module_alignment=&#8221;center&#8221; custom_margin=&#8221;0px||8px|36px|false|false&#8221; custom_margin_tablet=&#8221;10px||||false|false&#8221; custom_margin_phone=&#8221;10px||||false|false&#8221; custom_margin_last_edited=&#8221;on|phone&#8221; custom_padding=&#8221;0px||0px|0px|false|false&#8221; module_alignment_tablet=&#8221;center&#8221; module_alignment_phone=&#8221;center&#8221; module_alignment_last_edited=&#8221;on|tablet&#8221; global_colors_info=&#8221;{}&#8221;][\/et_pb_image][\/et_pb_column][et_pb_column type=&#8221;1_2&#8243; _builder_version=&#8221;4.20.2&#8243; _module_preset=&#8221;default&#8221; global_colors_info=&#8221;{}&#8221;][et_pb_button url_new_window=&#8221;on&#8221; button_text=&#8221;Deskargatu PDFa&#8221; button_alignment_tablet=&#8221;center&#8221; button_alignment_phone=&#8221;&#8221; button_alignment_last_edited=&#8221;on|tablet&#8221; _builder_version=&#8221;4.27.4&#8243; _module_preset=&#8221;default&#8221; custom_button=&#8221;on&#8221; button_text_size=&#8221;20px&#8221; button_text_color=&#8221;#FFFFFF&#8221; button_bg_color=&#8221;#becebb&#8221; button_border_width=&#8221;0px&#8221; button_border_radius=&#8221;10px&#8221; button_font=&#8221;Prompt||||||||&#8221; button_icon=&#8221;&#xe092;||divi||400&#8243; button_icon_color=&#8221;#FFFFFF&#8221; button_on_hover=&#8221;off&#8221; custom_margin=&#8221;||||false|false&#8221; custom_margin_tablet=&#8221;&#8221; custom_margin_phone=&#8221;|20px||20px|false|false&#8221; custom_margin_last_edited=&#8221;on|phone&#8221; custom_padding_tablet=&#8221;&#8221; custom_padding_phone=&#8221;|40px||20px|false|false&#8221; custom_padding_last_edited=&#8221;on|phone&#8221; hover_enabled=&#8221;0&#8243; global_colors_info=&#8221;{}&#8221; button_url=&#8221;https:\/\/rsc.uvesco.com\/wp-content\/uploads\/2025\/10\/gure_lehendakaria_uvesco_taldea2024.pdf&#8221; sticky_enabled=&#8221;0&#8243;][\/et_pb_button][et_pb_divider show_divider=&#8221;off&#8221; _builder_version=&#8221;4.24.2&#8243; _module_preset=&#8221;default&#8221; global_colors_info=&#8221;{}&#8221;][\/et_pb_divider][et_pb_text content_tablet=&#8221;<\/p>\n<h1 id=%22h_91213585221708508326365%22 style=%22text-align: center;%22>%91 2024 %93<\/h1>\n<p>&#8221; content_phone=&#8221;<\/p>\n<h1 id=%22h_91213585221708508326365%22 style=%22text-align: center;%22>%91 2024 %93<\/h1>\n<p>&#8221; content_last_edited=&#8221;on|phone&#8221; _builder_version=&#8221;4.27.4&#8243; _module_preset=&#8221;default&#8221; ul_text_align=&#8221;center&#8221; header_font=&#8221;Prompt||||||||&#8221; header_text_color=&#8221;#becebb&#8221; header_font_size=&#8221;65px&#8221; custom_margin=&#8221;0px||0px||false|false&#8221; custom_margin_tablet=&#8221;-40px||0px||false|false&#8221; custom_margin_phone=&#8221;-40px||0px||false|false&#8221; custom_margin_last_edited=&#8221;on|phone&#8221; header_font_size_tablet=&#8221;60px&#8221; header_font_size_phone=&#8221;50px&#8221; header_font_size_last_edited=&#8221;on|phone&#8221; locked=&#8221;off&#8221; global_colors_info=&#8221;{}&#8221;]<\/p>\n<h1 id=\"h_91213585221708508326365\">[ 2024 ]<\/h1>\n<p>[\/et_pb_text][et_pb_text _builder_version=&#8221;4.27.4&#8243; _module_preset=&#8221;default&#8221; text_font=&#8221;Prompt|300|||||||&#8221; text_text_color=&#8221;#becebb&#8221; text_font_size=&#8221;35px&#8221; text_line_height=&#8221;1.2em&#8221; custom_margin=&#8221;|20px|20px|0px|false|false&#8221; custom_margin_tablet=&#8221;|20px|20px|20px|false|true&#8221; custom_margin_phone=&#8221;||20px||false|true&#8221; custom_margin_last_edited=&#8221;on|phone&#8221; custom_padding=&#8221;|0px||0px|false|false&#8221; custom_padding_tablet=&#8221;&#8221; custom_padding_phone=&#8221;|10px||10px|false|false&#8221; custom_padding_last_edited=&#8221;on|phone&#8221; text_font_size_tablet=&#8221;31px&#8221; text_font_size_phone=&#8221;22px&#8221; text_font_size_last_edited=&#8221;on|phone&#8221; text_line_height_tablet=&#8221;1.2em&#8221; text_line_height_phone=&#8221;1em&#8221; text_line_height_last_edited=&#8221;on|phone&#8221; text_orientation_tablet=&#8221;center&#8221; text_orientation_phone=&#8221;&#8221; text_orientation_last_edited=&#8221;on|tablet&#8221; global_colors_info=&#8221;{}&#8221;]<\/p>\n<p>Gure ingurunearen ongizatea elikatzen dugu<\/p>\n<p>[\/et_pb_text][\/et_pb_column][\/et_pb_row][\/et_pb_section]<\/p>\n","protected":false},"excerpt":{"rendered":"<p>Gure ingurunearen ongizatea elikatzen duguAzken urteotan, elikaduraren sektorea hainbat erronkari aurre egiten ari zaie, testuinguru geopolitiko konplexu batek eta kontsumo ohituren aldaketek markatuta. Hala ere, zailtasunen aurrean aukera berriak sortzen dira eta, Uvescon, tokikoarekin eta pertsonen zerbitzuarekin dugun konpromisoan urratsak emateko unea da, berrikuntzaren eta teknologiaren eskutik. Horri esker, gure eredua hobetzen jarraitu ahal izango [&hellip;]<\/p>\n","protected":false},"author":3,"featured_media":0,"parent":0,"menu_order":0,"comment_status":"closed","ping_status":"closed","template":"","meta":{"_et_pb_use_builder":"on","_et_pb_old_content":"","_et_gb_content_width":"","_eb_attr":"","footnotes":""},"class_list":["post-8903","page","type-page","status-publish","hentry"],"yoast_head":"<!-- This site is optimized with the Yoast SEO plugin v26.5 - https:\/\/yoast.com\/wordpress\/plugins\/seo\/ -->\n<title>Gure lehendakaria<\/title>\n<meta name=\"description\" content=\"Gure ingurunearen ongizatea elikatzen dugu. Gure lehendakariaren, Jos\u00e9 Ram\u00f3n Fern\u00e1ndez de Barrena Bermejo, gutuna.\" \/>\n<meta name=\"robots\" content=\"noindex, follow, max-snippet:-1, max-image-preview:large, max-video-preview:-1\" \/>\n<meta property=\"og:locale\" content=\"eu_ES\" \/>\n<meta property=\"og:type\" content=\"article\" \/>\n<meta property=\"og:title\" content=\"Gure lehendakaria\" \/>\n<meta property=\"og:description\" content=\"Gure ingurunearen ongizatea elikatzen dugu. Gure lehendakariaren, Jos\u00e9 Ram\u00f3n Fern\u00e1ndez de Barrena Bermejo, gutuna.\" \/>\n<meta property=\"og:url\" content=\"https:\/\/rsc.uvesco.com\/eu\/gure-lehendakaria\/\" \/>\n<meta property=\"og:site_name\" content=\"Uvesco - Memoria 2024\" \/>\n<meta property=\"article:modified_time\" content=\"2025-10-29T22:04:01+00:00\" \/>\n<meta name=\"twitter:card\" content=\"summary_large_image\" \/>\n<meta name=\"twitter:label1\" content=\"Est. reading time\" \/>\n\t<meta name=\"twitter:data1\" content=\"2 minutes\" \/>\n<script type=\"application\/ld+json\" class=\"yoast-schema-graph\">{\"@context\":\"https:\/\/schema.org\",\"@graph\":[{\"@type\":\"WebPage\",\"@id\":\"https:\/\/rsc.uvesco.com\/eu\/gure-lehendakaria\/\",\"url\":\"https:\/\/rsc.uvesco.com\/eu\/gure-lehendakaria\/\",\"name\":\"Gure lehendakaria\",\"isPartOf\":{\"@id\":\"https:\/\/rsc.uvesco.com\/#website\"},\"datePublished\":\"2025-08-28T16:03:15+00:00\",\"dateModified\":\"2025-10-29T22:04:01+00:00\",\"description\":\"Gure ingurunearen ongizatea elikatzen dugu. Gure lehendakariaren, Jos\u00e9 Ram\u00f3n Fern\u00e1ndez de Barrena Bermejo, gutuna.\",\"breadcrumb\":{\"@id\":\"https:\/\/rsc.uvesco.com\/eu\/gure-lehendakaria\/#breadcrumb\"},\"inLanguage\":\"eu-ES\",\"potentialAction\":[{\"@type\":\"ReadAction\",\"target\":[\"https:\/\/rsc.uvesco.com\/eu\/gure-lehendakaria\/\"]}]},{\"@type\":\"BreadcrumbList\",\"@id\":\"https:\/\/rsc.uvesco.com\/eu\/gure-lehendakaria\/#breadcrumb\",\"itemListElement\":[{\"@type\":\"ListItem\",\"position\":1,\"name\":\"Portada\",\"item\":\"https:\/\/rsc.uvesco.com\/\"},{\"@type\":\"ListItem\",\"position\":2,\"name\":\"Gure lehendakaria\"}]},{\"@type\":\"WebSite\",\"@id\":\"https:\/\/rsc.uvesco.com\/#website\",\"url\":\"https:\/\/rsc.uvesco.com\/\",\"name\":\"Uvesco - Memoria 2024\",\"description\":\"Memoria de Responsabilidad Social Uvesco 2024\",\"publisher\":{\"@id\":\"https:\/\/rsc.uvesco.com\/#organization\"},\"potentialAction\":[{\"@type\":\"SearchAction\",\"target\":{\"@type\":\"EntryPoint\",\"urlTemplate\":\"https:\/\/rsc.uvesco.com\/?s={search_term_string}\"},\"query-input\":{\"@type\":\"PropertyValueSpecification\",\"valueRequired\":true,\"valueName\":\"search_term_string\"}}],\"inLanguage\":\"eu-ES\"},{\"@type\":\"Organization\",\"@id\":\"https:\/\/rsc.uvesco.com\/#organization\",\"name\":\"Grupo Uvesco\",\"url\":\"https:\/\/rsc.uvesco.com\/\",\"logo\":{\"@type\":\"ImageObject\",\"inLanguage\":\"eu-ES\",\"@id\":\"https:\/\/rsc.uvesco.com\/#\/schema\/logo\/image\/\",\"url\":\"https:\/\/rsc.uvesco.com\/wp-content\/uploads\/2025\/10\/uvesco.png\",\"contentUrl\":\"https:\/\/rsc.uvesco.com\/wp-content\/uploads\/2025\/10\/uvesco.png\",\"width\":696,\"height\":696,\"caption\":\"Grupo Uvesco\"},\"image\":{\"@id\":\"https:\/\/rsc.uvesco.com\/#\/schema\/logo\/image\/\"}}]}<\/script>\n<!-- \/ Yoast SEO plugin. -->","yoast_head_json":{"title":"Gure lehendakaria","description":"Gure ingurunearen ongizatea elikatzen dugu. Gure lehendakariaren, Jos\u00e9 Ram\u00f3n Fern\u00e1ndez de Barrena Bermejo, gutuna.","robots":{"index":"noindex","follow":"follow","max-snippet":"max-snippet:-1","max-image-preview":"max-image-preview:large","max-video-preview":"max-video-preview:-1"},"og_locale":"eu_ES","og_type":"article","og_title":"Gure lehendakaria","og_description":"Gure ingurunearen ongizatea elikatzen dugu. Gure lehendakariaren, Jos\u00e9 Ram\u00f3n Fern\u00e1ndez de Barrena Bermejo, gutuna.","og_url":"https:\/\/rsc.uvesco.com\/eu\/gure-lehendakaria\/","og_site_name":"Uvesco - Memoria 2024","article_modified_time":"2025-10-29T22:04:01+00:00","twitter_card":"summary_large_image","twitter_misc":{"Est. reading time":"2 minutes"},"schema":{"@context":"https:\/\/schema.org","@graph":[{"@type":"WebPage","@id":"https:\/\/rsc.uvesco.com\/eu\/gure-lehendakaria\/","url":"https:\/\/rsc.uvesco.com\/eu\/gure-lehendakaria\/","name":"Gure lehendakaria","isPartOf":{"@id":"https:\/\/rsc.uvesco.com\/#website"},"datePublished":"2025-08-28T16:03:15+00:00","dateModified":"2025-10-29T22:04:01+00:00","description":"Gure ingurunearen ongizatea elikatzen dugu. Gure lehendakariaren, Jos\u00e9 Ram\u00f3n Fern\u00e1ndez de Barrena Bermejo, gutuna.","breadcrumb":{"@id":"https:\/\/rsc.uvesco.com\/eu\/gure-lehendakaria\/#breadcrumb"},"inLanguage":"eu-ES","potentialAction":[{"@type":"ReadAction","target":["https:\/\/rsc.uvesco.com\/eu\/gure-lehendakaria\/"]}]},{"@type":"BreadcrumbList","@id":"https:\/\/rsc.uvesco.com\/eu\/gure-lehendakaria\/#breadcrumb","itemListElement":[{"@type":"ListItem","position":1,"name":"Portada","item":"https:\/\/rsc.uvesco.com\/"},{"@type":"ListItem","position":2,"name":"Gure lehendakaria"}]},{"@type":"WebSite","@id":"https:\/\/rsc.uvesco.com\/#website","url":"https:\/\/rsc.uvesco.com\/","name":"Uvesco - Memoria 2024","description":"Memoria de Responsabilidad Social Uvesco 2024","publisher":{"@id":"https:\/\/rsc.uvesco.com\/#organization"},"potentialAction":[{"@type":"SearchAction","target":{"@type":"EntryPoint","urlTemplate":"https:\/\/rsc.uvesco.com\/?s={search_term_string}"},"query-input":{"@type":"PropertyValueSpecification","valueRequired":true,"valueName":"search_term_string"}}],"inLanguage":"eu-ES"},{"@type":"Organization","@id":"https:\/\/rsc.uvesco.com\/#organization","name":"Grupo Uvesco","url":"https:\/\/rsc.uvesco.com\/","logo":{"@type":"ImageObject","inLanguage":"eu-ES","@id":"https:\/\/rsc.uvesco.com\/#\/schema\/logo\/image\/","url":"https:\/\/rsc.uvesco.com\/wp-content\/uploads\/2025\/10\/uvesco.png","contentUrl":"https:\/\/rsc.uvesco.com\/wp-content\/uploads\/2025\/10\/uvesco.png","width":696,"height":696,"caption":"Grupo Uvesco"},"image":{"@id":"https:\/\/rsc.uvesco.com\/#\/schema\/logo\/image\/"}}]}},"_links":{"self":[{"href":"https:\/\/rsc.uvesco.com\/eu\/wp-json\/wp\/v2\/pages\/8903","targetHints":{"allow":["GET"]}}],"collection":[{"href":"https:\/\/rsc.uvesco.com\/eu\/wp-json\/wp\/v2\/pages"}],"about":[{"href":"https:\/\/rsc.uvesco.com\/eu\/wp-json\/wp\/v2\/types\/page"}],"author":[{"embeddable":true,"href":"https:\/\/rsc.uvesco.com\/eu\/wp-json\/wp\/v2\/users\/3"}],"replies":[{"embeddable":true,"href":"https:\/\/rsc.uvesco.com\/eu\/wp-json\/wp\/v2\/comments?post=8903"}],"version-history":[{"count":10,"href":"https:\/\/rsc.uvesco.com\/eu\/wp-json\/wp\/v2\/pages\/8903\/revisions"}],"predecessor-version":[{"id":9533,"href":"https:\/\/rsc.uvesco.com\/eu\/wp-json\/wp\/v2\/pages\/8903\/revisions\/9533"}],"wp:attachment":[{"href":"https:\/\/rsc.uvesco.com\/eu\/wp-json\/wp\/v2\/media?parent=8903"}],"curies":[{"name":"wp","href":"https:\/\/api.w.org\/{rel}","templated":true}]}}